{"id":3023,"date":"2024-07-29T14:27:20","date_gmt":"2024-07-29T14:27:20","guid":{"rendered":"https:\/\/attract.suba-agency.com\/?page_id=3023"},"modified":"2024-08-20T11:22:22","modified_gmt":"2024-08-20T11:22:22","slug":"privacy-policy","status":"publish","type":"page","link":"https:\/\/attract-edih.pt\/pt\/politica-privacidade\/","title":{"rendered":"Pol\u00edtica de Privacidade"},"content":{"rendered":"<div data-elementor-type=\"wp-page\" data-elementor-id=\"3023\" class=\"elementor elementor-3023\">\n\t\t\t\t\t\t<section class=\"elementor-section elementor-top-section elementor-element elementor-element-04b90b6 elementor-section-boxed elementor-section-height-default elementor-section-height-default\" data-id=\"04b90b6\" data-element_type=\"section\" data-e-type=\"section\" data-settings=\"{&quot;background_background&quot;:&quot;classic&quot;}\">\n\t\t\t\t\t\t<div class=\"elementor-container elementor-column-gap-default\">\n\t\t\t\t\t<div class=\"elementor-column elementor-col-100 elementor-top-column elementor-element elementor-element-a243f1f\" data-id=\"a243f1f\" data-element_type=\"column\" data-e-type=\"column\" data-settings=\"{&quot;background_background&quot;:&quot;classic&quot;}\">\n\t\t\t<div class=\"elementor-widget-wrap elementor-element-populated\">\n\t\t\t\t\t\t<div class=\"elementor-element elementor-element-f90236b elementor-widget elementor-widget-heading\" data-id=\"f90236b\" data-element_type=\"widget\" data-e-type=\"widget\" data-widget_type=\"heading.default\">\n\t\t\t\t<div class=\"elementor-widget-container\">\n\t\t\t\t\t<h1 class=\"elementor-heading-title elementor-size-default\">Pol\u00edtica de Privacidade<\/h1>\t\t\t\t<\/div>\n\t\t\t\t<\/div>\n\t\t\t\t\t<\/div>\n\t\t<\/div>\n\t\t\t\t\t<\/div>\n\t\t<\/section>\n\t\t\t\t<section class=\"elementor-section elementor-top-section elementor-element elementor-element-76f8151 elementor-section-content-middle elementor-reverse-mobile elementor-section-boxed elementor-section-height-default elementor-section-height-default\" data-id=\"76f8151\" data-element_type=\"section\" data-e-type=\"section\" data-settings=\"{&quot;background_background&quot;:&quot;classic&quot;}\">\n\t\t\t\t\t\t<div class=\"elementor-container elementor-column-gap-default\">\n\t\t\t\t\t<div class=\"elementor-column elementor-col-100 elementor-top-column elementor-element elementor-element-260d993\" data-id=\"260d993\" data-element_type=\"column\" data-e-type=\"column\">\n\t\t\t<div class=\"elementor-widget-wrap elementor-element-populated\">\n\t\t\t\t\t\t<div class=\"elementor-element elementor-element-081c6d4 politica-texto elementor-widget elementor-widget-text-editor\" data-id=\"081c6d4\" data-element_type=\"widget\" data-e-type=\"widget\" data-widget_type=\"text-editor.default\">\n\t\t\t\t<div class=\"elementor-widget-container\">\n\t\t\t\t\t\t\t\t\t<p align=\"justify\">A partir de 25 de maio de 2018, o Regulamento Geral de Prote\u00e7\u00e3o de Dados (RGPD) da Uni\u00e3o Europeia estabeleceu diversos requisitos de privacidade e de prote\u00e7\u00e3o de dados a agentes e institui\u00e7\u00f5es que controlem ou processem dados pessoais em pa\u00edses do Espa\u00e7o Econ\u00f3mico Europeu. Tais requisitos aplicam-se a entidades localizadas dentro e fora da UE, que controlem ou processem os dados pessoais de qualquer pessoa que resida na UE, independentemente da cidadania.<\/p><p align=\"justify\">O ATTRACT \u00e9 um projeto da UE, financiado pela Comiss\u00e3o Europeia. Este website \u00e9 da exclusiva responsabilidade do INESC TEC, entidade que lidera as atividades de comunica\u00e7\u00e3o e de divulga\u00e7\u00e3o. A Comiss\u00e3o Europeia n\u00e3o \u00e9 respons\u00e1vel por qualquer uso da informa\u00e7\u00e3o aqui presente.<\/p><p align=\"justify\">O INESC TEC \u2013 Instituto de Engenharia de Sistemas e Computadores, Tecnologia e Ci\u00eancia, localizado no Campus da FEUP, Rua Dr. Roberto Frias, 4200 \u2013 465 Porto, Portugal, \u00e9 respons\u00e1vel pela gest\u00e3o do website do ATTRACT, newsletters e perfis nas redes sociais (LinkedIn e X). Por esse motivo, e no que diz respeito ao tratamento de dados pessoais recolhidos atrav\u00e9s do website do ATTRACT, o INESC TEC \u00e9 considerado o Data Controller (Controlador).<\/p><p align=\"justify\">O cons\u00f3rcio ATTRACT visa garantir que todas as atividades do projeto decorrem de forma eticamente respons\u00e1vel. Esta \"Pol\u00edtica de Privacidade\" apresenta de que forma o INESC TEC recolhe, utiliza, divulga e protege a informa\u00e7\u00e3o, garantindo o cumprimento da legisla\u00e7\u00e3o nacional e europeia de prote\u00e7\u00e3o de dados em vigor.<\/p><p align=\"justify\">A miss\u00e3o do ATTRACT DIH \u00e9 promover e apoiar a realiza\u00e7\u00e3o de testes, o desenvolvimento e a ado\u00e7\u00e3o de solu\u00e7\u00f5es com recurso a Intelig\u00eancia Artificial e a computa\u00e7\u00e3o de alto desempenho, bem como colmatar as necessidades de forma\u00e7\u00e3o, e dinamizar o ecossistema de inova\u00e7\u00e3o nestes dom\u00ednios, com vista a atingir melhorias significativas no desempenho das organiza\u00e7\u00f5es e a alcan\u00e7ar volumes de vendas importantes no que diz respeito a solu\u00e7\u00f5es nacionais que entram no mercado internacional. O cons\u00f3rcio \u00e9 composto por 26 parceiros:<\/p><ul><li>INESC TEC<\/li><li>DTx<\/li><li>Universidade do Minho<\/li><li>FCUP<\/li><li>FEUP<\/li><li>UP<\/li><li>UTAD<\/li><li>IPCA<\/li><li>ISEP<\/li><li>INL<\/li><li>IPB<\/li><li>VORTEX<\/li><li>INOVA+<\/li><li>Universidade do Coimbra<\/li><li>IPN<\/li><li>IPL<\/li><li>UBI<\/li><li>DSPA<\/li><li>FCi\u00eancias<\/li><li>FCUL<\/li><li>IST<\/li><li>LNEC<\/li><li>UNINOVA<\/li><li>FCT NOVA<\/li><li>AIP<\/li><li>Universidade de \u00c9vora<\/li><\/ul><p><strong>Processamento de dados<\/strong><\/p><p>O Data Controller recolhe informa\u00e7\u00f5es que os utilizadores disponibilizam, deliberadamente, no website do ATTRACT - nomeadamente, quando preenchem formul\u00e1rios, subscrevem uma newsletter ou comunicam com a equipa, atrav\u00e9s de outros meios dispon\u00edveis.<br \/>Quaisquer dados pessoais recolhidos no website do ATTRACT s\u00e3o armazenados localmente, sob a supervis\u00e3o do Data Controller. Tais dados podem incluir os seguintes detalhes sobre o utilizador:<\/p><ul><li>Nome e apelido;<\/li><li>Pa\u00eds;<\/li><li>Endere\u00e7o de e-mail;<\/li><li>Nome da empresa;<\/li><li>Setor da empresa.<\/li><\/ul><p>O website do ATTRACT poder\u00e1, de forma autom\u00e1tica, recolher mais informa\u00e7\u00f5es sobre o utilizador, atrav\u00e9s de cookies - e de acordo com as prefer\u00eancias do utilizador. Para mais informa\u00e7\u00f5es, consulte a Pol\u00edtica de Cookies.<\/p><p><strong>Finalidades do Processamento de Dados Pessoais<\/strong><\/p><p>O Data Controller recolhe os dados pessoais dos utilizadores apenas na medida necess\u00e1ria para cumprir finalidades espec\u00edficas:<\/p><ul><li>Notificar os utilizadores sobre altera\u00e7\u00f5es no website, atualiza\u00e7\u00f5es e not\u00edcias sobre o projeto ATTRACT, e disponibilizar informa\u00e7\u00f5es sobre eventos relacionados com o projeto;<\/li><li>Gerir as aplica\u00e7\u00f5es dos utilizadores para apoiar os servi\u00e7os;<\/li><li>Estabelecer novas parcerias e recolher feedback dos stakeholders do projeto;<\/li><li>Disponibilizar aos utilizadores o acesso aos perfis das redes sociais ATTRACT;<\/li><li>Disseminar e acompanhar o desempenho de newsletters ou quaisquer outras campanhas de marketing relacionadas com o projeto.<\/li><\/ul><p><strong>Divulga\u00e7\u00e3o e partilha de dados pessoais<\/strong><\/p><p>Os dados pessoais recolhidos no website do ATTRACT podem ser partilhados com a Comiss\u00e3o Europeia para cumprimento dos requisitos de auditoria. O Data Controller n\u00e3o pode partilhar as informa\u00e7\u00f5es pessoais dos utilizadores, nem vender essas mesmas informa\u00e7\u00f5es a profissionais de marketing\/terceiros.<\/p><p><strong>Gest\u00e3o de terceiros<\/strong><\/p><p>O website do ATTRACT foi desenvolvido pela SUBA \u2013 The Growth Agency, com o contributo de todos os membros do cons\u00f3rcio do projeto.<\/p><p>O website do ATTRACT pode conter links para outros websites ou ferramentas de terceiros sobre os quais o Data Controller n\u00e3o tem qualquer dom\u00ednio. O Data Controller est\u00e1 isento de qualquer responsabilidade pelas pr\u00e1ticas de privacidade e conte\u00fado de websites externos, mesmo que determinado link para esses recursos seja apresentado no website do ATTRACT. Antes de prosseguir para tais plataformas, os utilizadores s\u00e3o aconselhados a consultar a pol\u00edtica de privacidade de cada plataforma promovida por terceiros.<\/p><p><strong>Acesso e controlo de informa\u00e7\u00f5es pessoais<\/strong><\/p><p>Os dados pessoais dos utilizadores ser\u00e3o processados e armazenados pelo Data Controller, por um per\u00edodo m\u00e1ximo de quatro anos, correspondente \u00e0 dura\u00e7\u00e3o das atividades do projeto ATTRACT. De acordo com as disposi\u00e7\u00f5es do Regulamento Geral de Prote\u00e7\u00e3o de Dados da UE, os utilizadores podem exercer, durante esse per\u00edodo, o seu direito de acesso, retifica\u00e7\u00e3o, restri\u00e7\u00e3o, elimina\u00e7\u00e3o ou oposi\u00e7\u00e3o \u00e0 utiliza\u00e7\u00e3o de dados pessoais, exceto quando o projeto ATTRACT for obrigado a processar essas informa\u00e7\u00f5es para cumprir uma obriga\u00e7\u00e3o legal; quando os dados forem necess\u00e1rios para a execu\u00e7\u00e3o de um contrato do qual o utilizador seja parte; ou quando forem utilizados para uma finalidade para a qual o utilizador tenha dado o seu consentimento inequ\u00edvoco.<\/p><p>Para aceder, alterar ou exigir a remo\u00e7\u00e3o de dados pessoais, os utilizadores podem enviar um e-mail para <a href=\"mailto:attract@inesctec.pt\">attract@inesctec.pt<\/a>.<\/p><p>Para mais informa\u00e7\u00e3o, podem tamb\u00e9m contactar o Data Protection Officer do INESC TEC: <a href=\"mailto:dpo@inesctec.pt\">dpo@inesctec.pt<\/a>.<\/p>\t\t\t\t\t\t\t\t<\/div>\n\t\t\t\t<\/div>\n\t\t\t\t\t<\/div>\n\t\t<\/div>\n\t\t\t\t\t<\/div>\n\t\t<\/section>\n\t\t\t\t<section class=\"elementor-section elementor-top-section elementor-element elementor-element-ca1b393 elementor-section-content-middle elementor-section-boxed elementor-section-height-default elementor-section-height-default\" data-id=\"ca1b393\" data-element_type=\"section\" data-e-type=\"section\" data-settings=\"{&quot;background_background&quot;:&quot;classic&quot;}\">\n\t\t\t\t\t\t<div class=\"elementor-container elementor-column-gap-default\">\n\t\t\t\t\t<div class=\"elementor-column elementor-col-50 elementor-top-column elementor-element elementor-element-e844caa\" data-id=\"e844caa\" data-element_type=\"column\" data-e-type=\"column\">\n\t\t\t<div class=\"elementor-widget-wrap elementor-element-populated\">\n\t\t\t\t\t\t<div class=\"elementor-element elementor-element-9020736 elementor-widget elementor-widget-heading\" data-id=\"9020736\" data-element_type=\"widget\" data-e-type=\"widget\" data-widget_type=\"heading.default\">\n\t\t\t\t<div class=\"elementor-widget-container\">\n\t\t\t\t\t<h3 class=\"elementor-heading-title elementor-size-default\">Siga-nos<\/h3>\t\t\t\t<\/div>\n\t\t\t\t<\/div>\n\t\t\t\t<div class=\"elementor-element elementor-element-fa91e90 elementor-widget elementor-widget-heading\" data-id=\"fa91e90\" data-element_type=\"widget\" data-e-type=\"widget\" data-widget_type=\"heading.default\">\n\t\t\t\t<div class=\"elementor-widget-container\">\n\t\t\t\t\t<h4 class=\"elementor-heading-title elementor-size-default\">Acompanhe-nos nas redes sociais!<\/h4>\t\t\t\t<\/div>\n\t\t\t\t<\/div>\n\t\t\t\t<div class=\"elementor-element elementor-element-0d7c6ec elementor-widget__width-initial icon-social elementor-view-default elementor-widget elementor-widget-icon\" data-id=\"0d7c6ec\" data-element_type=\"widget\" data-e-type=\"widget\" data-widget_type=\"icon.default\">\n\t\t\t\t<div class=\"elementor-widget-container\">\n\t\t\t\t\t\t\t<div class=\"elementor-icon-wrapper\">\n\t\t\t<a class=\"elementor-icon\" href=\"https:\/\/www.linkedin.com\/company\/attract-edih\/\" target=\"_blank\">\n\t\t\t<i aria-hidden=\"true\" class=\"fab fa-linkedin-in\"><\/i>\t\t\t<\/a>\n\t\t<\/div>\n\t\t\t\t\t\t<\/div>\n\t\t\t\t<\/div>\n\t\t\t\t<div class=\"elementor-element elementor-element-76cd530 elementor-widget__width-initial icon-social elementor-view-default elementor-widget elementor-widget-icon\" data-id=\"76cd530\" data-element_type=\"widget\" data-e-type=\"widget\" data-widget_type=\"icon.default\">\n\t\t\t\t<div class=\"elementor-widget-container\">\n\t\t\t\t\t\t\t<div class=\"elementor-icon-wrapper\">\n\t\t\t<a class=\"elementor-icon\" href=\"https:\/\/x.com\/AttractDih\" target=\"_blank\">\n\t\t\t<i aria-hidden=\"true\" class=\"fab fa-x-twitter\"><\/i>\t\t\t<\/a>\n\t\t<\/div>\n\t\t\t\t\t\t<\/div>\n\t\t\t\t<\/div>\n\t\t\t\t<div class=\"elementor-element elementor-element-4810506 elementor-widget__width-initial icon-social elementor-view-default elementor-widget elementor-widget-icon\" data-id=\"4810506\" data-element_type=\"widget\" data-e-type=\"widget\" data-widget_type=\"icon.default\">\n\t\t\t\t<div class=\"elementor-widget-container\">\n\t\t\t\t\t\t\t<div class=\"elementor-icon-wrapper\">\n\t\t\t<a class=\"elementor-icon\" href=\"https:\/\/www.youtube.com\/@ATTRACTEDIH\" target=\"_blank\">\n\t\t\t<i aria-hidden=\"true\" class=\"fab fa-youtube\"><\/i>\t\t\t<\/a>\n\t\t<\/div>\n\t\t\t\t\t\t<\/div>\n\t\t\t\t<\/div>\n\t\t\t\t\t<\/div>\n\t\t<\/div>\n\t\t\t\t<div class=\"elementor-column elementor-col-50 elementor-top-column elementor-element elementor-element-286606a\" data-id=\"286606a\" data-element_type=\"column\" data-e-type=\"column\">\n\t\t\t<div class=\"elementor-widget-wrap elementor-element-populated\">\n\t\t\t\t\t\t<div class=\"elementor-element elementor-element-c9eaed2 elementor-widget elementor-widget-heading\" data-id=\"c9eaed2\" data-element_type=\"widget\" data-e-type=\"widget\" data-widget_type=\"heading.default\">\n\t\t\t\t<div class=\"elementor-widget-container\">\n\t\t\t\t\t<h3 class=\"elementor-heading-title elementor-size-default\">Receba todas as novidades e as \u00faltimas not\u00edcias sobre o ATTRACT<\/h3>\t\t\t\t<\/div>\n\t\t\t\t<\/div>\n\t\t\t\t<div class=\"elementor-element elementor-element-936ac8e elementor-widget elementor-widget-text-editor\" data-id=\"936ac8e\" data-element_type=\"widget\" data-e-type=\"widget\" data-widget_type=\"text-editor.default\">\n\t\t\t\t<div class=\"elementor-widget-container\">\n\t\t\t\t\t\t\t\t\t<p><div class=\"wpforms-container newsletter-form\" id=\"wpforms-1806\"><form id=\"wpforms-form-1806\" class=\"wpforms-validate wpforms-form wpforms-ajax-form\" data-formid=\"1806\" method=\"post\" enctype=\"multipart\/form-data\" action=\"\/pt\/wp-json\/wp\/v2\/pages\/3023\" data-token=\"0eb35a5e2982dbaa2d445f599e7941b6\" data-trp-original-action=\"\/pt\/wp-json\/wp\/v2\/pages\/3023\"><noscript class=\"wpforms-error-noscript\">Please enable JavaScript in your browser to complete this form.<\/noscript><div class=\"wpforms-field-container\"><div id=\"wpforms-1806-field_1-container\" class=\"wpforms-field wpforms-field-email\" data-field-id=\"1\"><label class=\"wpforms-field-label wpforms-label-hide\" for=\"wpforms-1806-field_1\">Email <span class=\"wpforms-required-label\">*<\/span><\/label><input type=\"email\" id=\"wpforms-1806-field_1\" class=\"wpforms-field-large wpforms-field-required\" name=\"wpforms[fields][1]\" placeholder=\"Email\" spellcheck=\"false\" required><\/div><div id=\"wpforms-1806-field_3-container\" class=\"wpforms-field wpforms-field-gdpr-checkbox\" data-field-id=\"3\"><label class=\"wpforms-field-label wpforms-label-hide\" for=\"wpforms-1806-field_3\">GDPR Agreement <span class=\"wpforms-required-label\">*<\/span><\/label><ul id=\"wpforms-1806-field_3\" class=\"wpforms-field-required\"><li class=\"choice-1\"><input type=\"checkbox\" id=\"wpforms-1806-field_3_1\" name=\"wpforms[fields][3][]\" value=\"I have read and accepted the &lt;a target=&quot;_blank&quot; href=&quot;\/privacy-policy&quot;&gt;Privacy Policy&lt;\/a&gt;.\" required><label class=\"wpforms-field-label-inline\" for=\"wpforms-1806-field_3_1\">Li e aceito a <a target=\"_blank\" href=\"https:\/\/attract-edih.pt\/pt\/politica-privacidade\/\">Pol\u00edtica de Privacidade<\/a>. <span class=\"wpforms-required-label\">*<\/span><\/label><\/li><\/ul><\/div><div id=\"wpforms-1806-field_4-container\" class=\"wpforms-field wpforms-field-mailchimp\" data-field-id=\"4\"><ul id=\"\" class=\"\"><li class=\"choice-0 depth-1\"><input type=\"checkbox\" id=\"wpforms-1806-field_4_0\" name=\"wpforms[fields][4]\" value=\"1\"  checked='checked'  required><label class=\"wpforms-field-label-inline\" for=\"wpforms-1806-field_4_0\">Sign-up to our newsletter?<\/label><\/li><\/ul><\/div><\/div><!-- .wpforms-field-container --><div class=\"wpforms-recaptcha-container wpforms-is-recaptcha\" ><div class=\"g-recaptcha\" data-sitekey=\"6LdvxZgqAAAAAO_wTwxLVEKxMpivERzzuFWhI6IJ\" data-size=\"invisible\"><\/div><\/div><div class=\"wpforms-submit-container\" ><input type=\"hidden\" name=\"wpforms[id]\" value=\"1806\"><input type=\"hidden\" name=\"wpforms[author]\" value=\"6\"><button type=\"submit\" name=\"wpforms[submit]\" id=\"wpforms-submit-1806\" class=\"wpforms-submit\" data-alt-text=\"Sending...\" data-submit-text=\"Subscribe\" aria-live=\"assertive\" value=\"wpforms-submit\">Subscrever<\/button><img decoding=\"async\" src=\"https:\/\/attract-edih.pt\/wp-content\/plugins\/wpforms\/assets\/images\/submit-spin.svg\" class=\"wpforms-submit-spinner\" style=\"display: none;\" width=\"26\" height=\"26\" alt=\"Loading\"><\/div><input type=\"hidden\" name=\"trp-form-language\" value=\"pt\"\/><\/form><\/div>  <!-- .wpforms-container --><\/p>\t\t\t\t\t\t\t\t<\/div>\n\t\t\t\t<\/div>\n\t\t\t\t\t<\/div>\n\t\t<\/div>\n\t\t\t\t\t<\/div>\n\t\t<\/section>\n\t\t\t\t<\/div>","protected":false},"excerpt":{"rendered":"<p>Privacy Policy As of May 25th, 2018, the European Union\u2019s General Data Protection Regulation (\u201cGDPR\u201d) imposes data privacy and data protection requirements to agents and institutions that control or process personal data within countries located in the European Economic Area (\u201cEEA\u201d). Such requirements apply to entities located in and outside the EU, who control or [&hellip;]<\/p>","protected":false},"author":6,"featured_media":0,"parent":0,"menu_order":0,"comment_status":"closed","ping_status":"closed","template":"","meta":{"_acf_changed":false,"site-sidebar-layout":"no-sidebar","site-content-layout":"page-builder","ast-site-content-layout":"default","site-content-style":"default","site-sidebar-style":"default","ast-global-header-display":"","ast-banner-title-visibility":"","ast-main-header-display":"","ast-hfb-above-header-display":"","ast-hfb-below-header-display":"","ast-hfb-mobile-header-display":"","site-post-title":"disabled","ast-breadcrumbs-content":"","ast-featured-img":"disabled","footer-sml-layout":"","ast-disable-related-posts":"","theme-transparent-header-meta":"","adv-header-id-meta":"","stick-header-meta":"","header-above-stick-meta":"","header-main-stick-meta":"","header-below-stick-meta":"","astra-migrate-meta-layouts":"default","ast-page-background-enabled":"default","ast-page-background-meta":{"desktop":{"background-color":"","background-image":"","background-repeat":"repeat","background-position":"center center","background-size":"auto","background-attachment":"scroll","background-type":"","background-media":"","overlay-type":"","overlay-color":"","overlay-opacity":"","overlay-gradient":""},"tablet":{"background-color":"","background-image":"","background-repeat":"repeat","background-position":"center center","background-size":"auto","background-attachment":"scroll","background-type":"","background-media":"","overlay-type":"","overlay-color":"","overlay-opacity":"","overlay-gradient":""},"mobile":{"background-color":"","background-image":"","background-repeat":"repeat","background-position":"center center","background-size":"auto","background-attachment":"scroll","background-type":"","background-media":"","overlay-type":"","overlay-color":"","overlay-opacity":"","overlay-gradient":""}},"ast-content-background-meta":{"desktop":{"background-color":"var(--ast-global-color-5)","background-image":"","background-repeat":"repeat","background-position":"center center","background-size":"auto","background-attachment":"scroll","background-type":"","background-media":"","overlay-type":"","overlay-color":"","overlay-opacity":"","overlay-gradient":""},"tablet":{"background-color":"var(--ast-global-color-5)","background-image":"","background-repeat":"repeat","background-position":"center center","background-size":"auto","background-attachment":"scroll","background-type":"","background-media":"","overlay-type":"","overlay-color":"","overlay-opacity":"","overlay-gradient":""},"mobile":{"background-color":"var(--ast-global-color-5)","background-image":"","background-repeat":"repeat","background-position":"center center","background-size":"auto","background-attachment":"scroll","background-type":"","background-media":"","overlay-type":"","overlay-color":"","overlay-opacity":"","overlay-gradient":""}},"footnotes":""},"class_list":["post-3023","page","type-page","status-publish","hentry"],"acf":[],"_links":{"self":[{"href":"https:\/\/attract-edih.pt\/pt\/wp-json\/wp\/v2\/pages\/3023","targetHints":{"allow":["GET"]}}],"collection":[{"href":"https:\/\/attract-edih.pt\/pt\/wp-json\/wp\/v2\/pages"}],"about":[{"href":"https:\/\/attract-edih.pt\/pt\/wp-json\/wp\/v2\/types\/page"}],"author":[{"embeddable":true,"href":"https:\/\/attract-edih.pt\/pt\/wp-json\/wp\/v2\/users\/6"}],"replies":[{"embeddable":true,"href":"https:\/\/attract-edih.pt\/pt\/wp-json\/wp\/v2\/comments?post=3023"}],"version-history":[{"count":13,"href":"https:\/\/attract-edih.pt\/pt\/wp-json\/wp\/v2\/pages\/3023\/revisions"}],"predecessor-version":[{"id":3056,"href":"https:\/\/attract-edih.pt\/pt\/wp-json\/wp\/v2\/pages\/3023\/revisions\/3056"}],"wp:attachment":[{"href":"https:\/\/attract-edih.pt\/pt\/wp-json\/wp\/v2\/media?parent=3023"}],"curies":[{"name":"wp","href":"https:\/\/api.w.org\/{rel}","templated":true}]}}